{"id":3,"date":"2022-05-30T09:21:00","date_gmt":"2022-05-30T09:21:00","guid":{"rendered":"https:\/\/alpelivigno.it\/?page_id=3"},"modified":"2025-07-30T10:25:21","modified_gmt":"2025-07-30T09:25:21","slug":"privacy-policy","status":"publish","type":"page","link":"https:\/\/alpelivigno.it\/it\/privacy-policy\/","title":{"rendered":"Privacy Policy"},"content":{"rendered":"\t\t<div data-elementor-type=\"wp-page\" data-elementor-id=\"3\" class=\"elementor elementor-3\" data-elementor-post-type=\"page\">\n\t\t\t\t\t\t<section class=\"elementor-section elementor-top-section elementor-element elementor-element-9e51775 elementor-section-full_width elementor-section-height-min-height elementor-section-height-default elementor-section-items-middle\" data-id=\"9e51775\" data-element_type=\"section\" data-e-type=\"section\" data-settings=\"{&quot;jet_parallax_layout_list&quot;:[{&quot;_id&quot;:&quot;05e2ee0&quot;,&quot;jet_parallax_layout_image&quot;:{&quot;url&quot;:&quot;&quot;,&quot;id&quot;:&quot;&quot;,&quot;size&quot;:&quot;&quot;},&quot;jet_parallax_layout_image_tablet&quot;:{&quot;url&quot;:&quot;&quot;,&quot;id&quot;:&quot;&quot;,&quot;size&quot;:&quot;&quot;},&quot;jet_parallax_layout_image_mobile&quot;:{&quot;url&quot;:&quot;&quot;,&quot;id&quot;:&quot;&quot;,&quot;size&quot;:&quot;&quot;},&quot;jet_parallax_layout_speed&quot;:{&quot;unit&quot;:&quot;%&quot;,&quot;size&quot;:50,&quot;sizes&quot;:[]},&quot;jet_parallax_layout_type&quot;:&quot;scroll&quot;,&quot;jet_parallax_layout_direction&quot;:&quot;1&quot;,&quot;jet_parallax_layout_fx_direction&quot;:null,&quot;jet_parallax_layout_z_index&quot;:&quot;&quot;,&quot;jet_parallax_layout_bg_x&quot;:50,&quot;jet_parallax_layout_bg_x_tablet&quot;:&quot;&quot;,&quot;jet_parallax_layout_bg_x_mobile&quot;:&quot;&quot;,&quot;jet_parallax_layout_bg_y&quot;:50,&quot;jet_parallax_layout_bg_y_tablet&quot;:&quot;&quot;,&quot;jet_parallax_layout_bg_y_mobile&quot;:&quot;&quot;,&quot;jet_parallax_layout_bg_size&quot;:&quot;auto&quot;,&quot;jet_parallax_layout_bg_size_tablet&quot;:&quot;&quot;,&quot;jet_parallax_layout_bg_size_mobile&quot;:&quot;&quot;,&quot;jet_parallax_layout_animation_prop&quot;:&quot;transform&quot;,&quot;jet_parallax_layout_on&quot;:[&quot;desktop&quot;,&quot;tablet&quot;]}],&quot;background_background&quot;:&quot;classic&quot;}\">\n\t\t\t\t\t\t\t<div class=\"elementor-background-overlay\"><\/div>\n\t\t\t\t\t\t\t<div class=\"elementor-container elementor-column-gap-no\">\n\t\t\t\t\t<div class=\"elementor-column elementor-col-100 elementor-top-column elementor-element elementor-element-3f5ad4e\" data-id=\"3f5ad4e\" data-element_type=\"column\" data-e-type=\"column\">\n\t\t\t<div class=\"elementor-widget-wrap elementor-element-populated\">\n\t\t\t\t\t\t<div class=\"elementor-element elementor-element-6c0f0e0 elementor-invisible elementor-widget elementor-widget-heading\" data-id=\"6c0f0e0\" data-element_type=\"widget\" data-e-type=\"widget\" data-settings=\"{&quot;_animation&quot;:&quot;fadeIn&quot;,&quot;_animation_delay&quot;:300}\" data-widget_type=\"heading.default\">\n\t\t\t\t<div class=\"elementor-widget-container\">\n\t\t\t\t\t<h1 class=\"elementor-heading-title elementor-size-default\">Privacy policy<\/h1>\t\t\t\t<\/div>\n\t\t\t\t<\/div>\n\t\t\t\t<div class=\"elementor-element elementor-element-a078f82 elementor-invisible elementor-widget elementor-widget-heading\" data-id=\"a078f82\" data-element_type=\"widget\" data-e-type=\"widget\" data-settings=\"{&quot;_animation&quot;:&quot;fadeIn&quot;,&quot;_animation_delay&quot;:500}\" data-widget_type=\"heading.default\">\n\t\t\t\t<div class=\"elementor-widget-container\">\n\t\t\t\t\t<h2 class=\"elementor-heading-title elementor-size-default\">Informativa privacy di alpelivigno.it<\/h2>\t\t\t\t<\/div>\n\t\t\t\t<\/div>\n\t\t\t\t\t<\/div>\n\t\t<\/div>\n\t\t\t\t\t<\/div>\n\t\t<\/section>\n\t\t\t\t<section class=\"elementor-section elementor-top-section elementor-element elementor-element-2dff5f2a elementor-section-boxed elementor-section-height-default elementor-section-height-default\" data-id=\"2dff5f2a\" data-element_type=\"section\" data-e-type=\"section\" data-settings=\"{&quot;jet_parallax_layout_list&quot;:[]}\">\n\t\t\t\t\t\t<div class=\"elementor-container elementor-column-gap-default\">\n\t\t\t\t\t<div class=\"elementor-column elementor-col-100 elementor-top-column elementor-element elementor-element-3979e0d\" data-id=\"3979e0d\" data-element_type=\"column\" data-e-type=\"column\">\n\t\t\t<div class=\"elementor-widget-wrap elementor-element-populated\">\n\t\t\t\t\t\t<div class=\"elementor-element elementor-element-27f513c3 elementor-widget elementor-widget-text-editor\" data-id=\"27f513c3\" data-element_type=\"widget\" data-e-type=\"widget\" id=\"privacy-text\" data-widget_type=\"text-editor.default\">\n\t\t\t\t<div class=\"elementor-widget-container\">\n\t\t\t\t\t\t\t\t\t<h3><b>Informativa sulla privacy e trattamento dei dati<\/b><\/h3><p><br \/>La presente Privacy Policy ha lo scopo di descrivere le modalit\u00e0 di gestione del sito attualmente reperibile all\u2019indirizzo www.alpelivigno.it con riferimento al trattamento dei dati personali degli utenti\/visitatori che lo consultano. <br \/><br \/>Si tratta di un\u2019informativa che \u00e8 resa anche ai sensi dell\u2019art. 13 del Regolamento (UE) 2016\/679 (di seguito anche \u201cRegolamento Generale per la Protezione dei Dati Personali\u201d ovvero \u201cRGPD\u201d) a coloro che accedono al suddetto sito. <br \/><br \/>Il sito sopra indicato \u00e8 di titolarit\u00e0 di ALPE LIVIGNO SOCIETA\u2019 AGRICOLA DI SILVESTRI GIORGIO E C., Via Dali Mina 132 A 23041 Livigno (SO), Italia. <br \/><br \/><br \/>L\u2019informativa \u00e8 resa da ALPE LIVIGNO SOCIETA\u2019 AGRICOLA DI SILVESTRI GIORGIO E C. esclusivamente per il sito sopra menzionato e non anche per altri siti web o sezioni\/pagine\/spazi di titolarit\u00e0 di Terzi eventualmente consultati dall\u2019utente tramite appositi link. <br \/><br \/>Gli utenti\/visitatori sono invitati a leggere attentamente la presente Privacy Policy prima di fornire qualsiasi tipo di informazione personale e\/o compilare qualunque modulo elettronico presente sul sito stesso. <br \/><br \/>Qualora agli utenti\/visitatori sia richiesto, per accedere a determinati servizi, di conferire propri dati personali, sar\u00e0 previamente rilasciata, nelle pagine relative ai singoli servizi, apposita e dettagliata Informativa sul relativo trattamento ai sensi dell\u2019art. 13 del RGPD la quale specificher\u00e0 le modalit\u00e0, le finalit\u00e0 ed i limiti del trattamento stesso. <br \/><br \/><b>1. Titolare del trattamento<\/b> <br \/><br \/>Il Titolare del trattamento dei dati \u00e8 ALPE LIVIGNO SOCIETA\u2019 AGRICOLA DI SILVESTRI GIORGIO E C., Via Dali Mina 132 A 23041 Livigno (SO), Italia. email: info@alpelivigno.it <br \/><br \/><b>2. Tipologia di dati trattati finalit\u00e0 e base giuridica del trattamento<\/b> <br \/><br \/>2.1. Dati di navigazione<br \/>I sistemi informatici e le procedure software preposte al funzionamento di questo sito acquisiscono, nel normale esercizio, alcuni dati personali che vengono poi trasmessi implicitamente nell\u2019uso dei protocolli di comunicazione Internet. <br \/><br \/>Si tratta di informazioni che per loro natura potrebbero, mediante associazioni ed elaborazioni con dati detenuti da terzi, permettere di identificare gli utenti\/visitatori (ad es. indirizzo IP, nomi di domini dei computer utilizzati dagli utenti\/visitatori che si collegano al sito, ecc.). <br \/><br \/>Questi dati vengono utilizzati al solo fine di ricavare informazioni di tipo statistico (quindi sono anonimi) e per controllare il corretto funzionamento del sito. <br \/><br \/>2.2. Dati forniti volontariamente dagli utenti\/visitatori<br \/>Qualora gli utenti\/visitatori collegandosi a questo sito inviino propri dati personali per accedere a determinati servizi, ovvero, per effettuare richieste via posta elettronica, si avr\u00e0 l\u2019acquisizione di tali dati da parte di ALPE LIVIGNO SOCIETA\u2019 AGRICOLA DI SILVESTRI GIORGIO E C. e\/o dei terzi unitamente ai quali ALPE LIVIGNO SOCIETA\u2019 AGRICOLA DI SILVESTRI GIORGIO E C. potrebbe fornire il servizio richiesto dall\u2019utente\/visitatore; tali dati verranno trattati esclusivamente per rispondere alla richiesta, ovvero per la fornitura del servizio in conformit\u00e0 con la presente Policy e le specifiche Informative privacy fornite in fase di adesione ai singoli servizi. <br \/><br \/>2.3. Finalit\u00e0 del trattamento per scopi di marketing diretto<br \/>Con il consenso specifico dell&#8217;interessato, ALPE LIVIGNO SOCIETA\u2019 AGRICOLA DI SILVESTRI GIORGIO E C. potr\u00e0 utilizzare i dati forniti volontariamente per attivit\u00e0 di marketing diretto, per inviare materiale pubblicitario ed informativo; compiere attivit\u00e0 dirette di vendita o di collocamento di prodotti o servizi; inviare informazioni commerciali; effettuare comunicazioni commerciali interattive. <br \/><br \/>Per il trattamento di dati preordinato allo svolgimento di attivit\u00e0 di marketing diretto \u00e8 obbligatorio acquisire il consenso &#8211; specifico e separato &#8211; da parte dell&#8217;interessato, il quale \u00e8 fin da ora informato che tale conferimento \u00e8 del tutto facoltativo e l&#8217;eventuale rifiuto non comporter\u00e0 conseguenza alcuna (se non quella di impedire i trattamenti dei dati finalizzati al marketing diretto). <br \/><br \/>Per i trattamenti di cui ai nn. 2.4. si precisa che la base giuridica \u00e8 rappresentata dal consenso espresso. Per i trattamenti di cui ai nn. 2.1 e 2.2. la base legale \u00e8 rappresentata dalla esecuzione di servizi richiesti o replicare alla richiesta degli utenti\/visitatori. <br \/><br \/><b>3. Destinatari dei dati personali<\/b> <br \/><br \/>Nessun dato derivante dal servizio web verr\u00e0 comunicato o diffuso a soggetti terzi, salvo che per adempiere agli obblighi previsti da leggi, regolamenti o normative comunitarie. <br \/><br \/>I dati personali espressamente conferiti dagli utenti\/visitatori verranno comunicati a terzi esclusivamente qualora la comunicazione sia necessaria per ottemperare alle richieste degli utenti\/visitatori medesimi, fermo restando quanto previsto nelle specifiche Informative dei singoli servizi. <br \/><br \/><b>4. Trasferimento dati a Paesi Terzi<\/b> <br \/><br \/>Nell\u2019ambito delle finalit\u00e0 indicare all\u2019art. 3 della presente Informativa i dati Suoi dati personali non verranno comunicati\/trasferiti a soggetti terzi stabiliti in Paesi non appartenenti all\u2019Unione europea, fatto eventualmente salvo quanto previsto per l\u2019utilizzo dei Cookies. <br \/><br \/><b>5. Modalit\u00e0 del trattamento e periodo di conservazione dei dati<\/b> <br \/><br \/>Il trattamento dei dati viene effettuato attraverso strumenti automatizzati (ad es. utilizzando procedure e supporti elettronici) e\/o manualmente (ad es. su supporto cartaceo) per il tempo strettamente necessario a conseguire gli scopi per i quali i dati sono stati raccolti e, comunque, in conformit\u00e0 alle disposizioni normative vigenti in materia. <br \/><br \/>I dati personali verranno conservati per il lasso di tempo strettamente necessario al perseguimento delle specifiche finalit\u00e0 del trattamento e, in particolare: <br \/><br \/>&#8211; per i dati indicati all\u2019art. 2.1., per il tempo necessario allo svolgimento delle attivit\u00e0 specificate, salvo eventuali accertamenti di reati informatici ai danni del sito; <br \/><br \/>&#8211; per i dati indicati all\u2019art. 2.2., per il tempo necessario allo svolgimento dei servizi richiesti o replicare alle richieste effettuate, salvo eventuali accertamenti di reati informatici ai danni del sito; eventuali ulteriori dettagli sulla conservazione dei dati in merito al singolo servizio o richiesta effettuata potranno essere fornite nelle informative specifiche del singolo servizio richiesto; <br \/><br \/>&#8211; per le finalit\u00e0 indicata all\u2019art. 2.3. (marketing) per 24 (ventiquattro) mesi dal momento del rilascio dello specifico ed espresso consenso al trattamento da parte degli utenti\/visitatori. <br \/><br \/><b>6. Diritti dell&#8217;Interessato<\/b> <br \/><br \/>Gli utenti\/visitatori potranno in qualsiasi momento esercitare i diretti di seguito indicati. <br \/><br \/>a. Accesso ai dati personali: ottenere la conferma o meno che sia in corso un trattamento di dati che li riguardano e, in tal caso, l\u2019accesso alle seguenti informazioni: le finalit\u00e0, le categorie di dati, i destinatari, il periodo di conservazione, il diritto di proporre reclamo ad un\u2019autorit\u00e0 di controllo, il diritto di richiedere la rettifica o cancellazione o limitazione del trattamento od opposizione al trattamento stesso nonch\u00e9 l\u2019esistenza di un processo decisionale automatizzato; <br \/><br \/>b. Richiesta di rettifica o cancellazione degli stessi o limitazione dei trattamenti che li riguardano; per \u201climitazione\u201d si intende il contrassegno dei dati conservati con l\u2019obiettivo di limitarne il trattamento in futuro; <br \/><br \/>c. Opposizione al trattamento: opporsi per motivi connessi alla situazione particolare al trattamento di dati per l\u2019esecuzione di un compito di interesse pubblico o per il perseguimento di un legittimo interesse dei Titolari; <br \/><br \/>d. Portabilit\u00e0 dei dati: nel caso di trattamento automatizzato svolto sulla base del consenso o in esecuzione di un contratto, di ricevere in un formato strutturato, di uso comune e leggibile da dispositivo automatico, i dati che li riguardano; in particolare, i dati verranno forniti dai Titolari in formato .xml, o analogo; <br \/><br \/>e. Revoca del consenso al trattamento per finalit\u00e0 di marketing, sia diretto che indiretto, ricerche di mercato; l&#8217;esercizio di tale diritto non pregiudica in alcun modo la liceit\u00e0 dei trattamenti svolti prima della revoca; <br \/><br \/>f. Proporre reclamo ai sensi dell\u2019art. 77 RGPD all\u2019autorit\u00e0 di controllo competente in base alla residenza abituale, al luogo di lavoro oppure al luogo di violazione dei diritti; per l\u2019Italia \u00e8 competente il Garante per la protezione dei dati personali, contattabile tramite i dati di contatto riportati sul sito web http:\/\/www.garanteprivacy.it. <br \/><br \/>I predetti diritti potranno essere esercitati inviando apposita richiesta al Titolare del trattamento mediante i canali di contatto indicati all\u2019art. 1 della presente informativa. <br \/><br \/>Le richieste relative all\u2019esercizio dei diritti saranno evase senza ingiustificato ritardo e, in ogni modo, entro un mese dalla domanda; solo in casi di particolare complessit\u00e0 e del numero di richieste tale termine potr\u00e0 essere prorogato di ulteriori 2 (due) mesi. <br \/><br \/><b>7. Comunicazione e conferimento dei dati<\/b> <br \/><br \/>Ad eccezione di quanto specificato per i dati di cui all\u2019art. 2.1 (dati di navigazione, il cui mancato apporto coincide con la mancata navigazione del sito web), gli utenti\/visitatori sono liberi di fornire i propri dati personali e il loro mancato conferimento potr\u00e0 comportare unicamente l\u2019impossibilit\u00e0 di ottenere il servizio richiesto. <br \/><br \/><b>8. Aggiornamento e modifica della Privacy Policy<\/b> <br \/><br \/>La presente Privacy Policy pu\u00f2 subire modifiche nel corso del tempo &#8211; anche connesse all&#8217;eventuale entrata in vigore di nuove normative di settore, all&#8217;aggiornamento o erogazione di nuovi servizi ovvero ad intervenute innovazioni tecnologiche &#8211; per cui l\u2019utente\/visitatore \u00e8 invitato a consultare periodicamente questa pagina<\/p>\t\t\t\t\t\t\t\t<\/div>\n\t\t\t\t<\/div>\n\t\t\t\t\t<\/div>\n\t\t<\/div>\n\t\t\t\t\t<\/div>\n\t\t<\/section>\n\t\t\t\t<\/div>\n\t\t","protected":false},"excerpt":{"rendered":"<p>Privacy policy Informativa privacy di alpelivigno.it Informativa sulla privacy e trattamento dei dati La presente Privacy Policy ha lo scopo di descrivere le modalit\u00e0 di gestione del sito attualmente reperibile all\u2019indirizzo www.alpelivigno.it con riferimento al trattamento dei dati personali degli utenti\/visitatori che lo consultano. Si tratta di un\u2019informativa che \u00e8 resa anche ai sensi dell\u2019art. [&hellip;]<\/p>\n","protected":false},"author":1,"featured_media":0,"parent":0,"menu_order":0,"comment_status":"closed","ping_status":"open","template":"","meta":{"footnotes":""},"class_list":["post-3","page","type-page","status-publish","hentry"],"yoast_head":"<!-- This site is optimized with the Yoast SEO plugin v26.9 - https:\/\/yoast.com\/product\/yoast-seo-wordpress\/ -->\n<title>Privacy policy | Alpe Livigno<\/title>\n<meta name=\"description\" content=\"Leggi la privacy policy e la cookie declaration di Alpe Livigno, l\u2019azienda agricola livignasca che produce la bresaola 4IT e altre eccellenze tipiche.\" \/>\n<meta name=\"robots\" content=\"index, follow, max-snippet:-1, max-image-preview:large, max-video-preview:-1\" \/>\n<link rel=\"canonical\" href=\"https:\/\/alpelivigno.it\/it\/privacy-policy\/\" \/>\n<meta property=\"og:locale\" content=\"it_IT\" \/>\n<meta property=\"og:type\" content=\"article\" \/>\n<meta property=\"og:title\" content=\"Privacy policy | Alpe Livigno\" \/>\n<meta property=\"og:description\" content=\"Leggi la privacy policy e la cookie declaration di Alpe Livigno, l\u2019azienda agricola livignasca che produce la bresaola 4IT e altre eccellenze tipiche.\" \/>\n<meta property=\"og:url\" content=\"https:\/\/alpelivigno.it\/it\/privacy-policy\/\" \/>\n<meta property=\"og:site_name\" content=\"Alpe Livigno\" \/>\n<meta property=\"article:modified_time\" content=\"2025-07-30T09:25:21+00:00\" \/>\n<meta name=\"twitter:card\" content=\"summary_large_image\" \/>\n<meta name=\"twitter:label1\" content=\"Tempo di lettura stimato\" \/>\n\t<meta name=\"twitter:data1\" content=\"8 minuti\" \/>\n<script type=\"application\/ld+json\" class=\"yoast-schema-graph\">{\"@context\":\"https:\/\/schema.org\",\"@graph\":[{\"@type\":\"WebPage\",\"@id\":\"https:\/\/alpelivigno.it\/privacy-policy\/\",\"url\":\"https:\/\/alpelivigno.it\/privacy-policy\/\",\"name\":\"Privacy policy | Alpe Livigno\",\"isPartOf\":{\"@id\":\"https:\/\/alpelivigno.it\/#website\"},\"datePublished\":\"2022-05-30T09:21:00+00:00\",\"dateModified\":\"2025-07-30T09:25:21+00:00\",\"description\":\"Leggi la privacy policy e la cookie declaration di Alpe Livigno, l\u2019azienda agricola livignasca che produce la bresaola 4IT e altre eccellenze tipiche.\",\"breadcrumb\":{\"@id\":\"https:\/\/alpelivigno.it\/privacy-policy\/#breadcrumb\"},\"inLanguage\":\"it-IT\",\"potentialAction\":[{\"@type\":\"ReadAction\",\"target\":[\"https:\/\/alpelivigno.it\/privacy-policy\/\"]}]},{\"@type\":\"BreadcrumbList\",\"@id\":\"https:\/\/alpelivigno.it\/privacy-policy\/#breadcrumb\",\"itemListElement\":[{\"@type\":\"ListItem\",\"position\":1,\"name\":\"Home\",\"item\":\"https:\/\/alpelivigno.it\/\"},{\"@type\":\"ListItem\",\"position\":2,\"name\":\"Privacy Policy\"}]},{\"@type\":\"WebSite\",\"@id\":\"https:\/\/alpelivigno.it\/#website\",\"url\":\"https:\/\/alpelivigno.it\/\",\"name\":\"Alpe Livigno\",\"description\":\"Just another WordPress site\",\"publisher\":{\"@id\":\"https:\/\/alpelivigno.it\/#organization\"},\"potentialAction\":[{\"@type\":\"SearchAction\",\"target\":{\"@type\":\"EntryPoint\",\"urlTemplate\":\"https:\/\/alpelivigno.it\/?s={search_term_string}\"},\"query-input\":{\"@type\":\"PropertyValueSpecification\",\"valueRequired\":true,\"valueName\":\"search_term_string\"}}],\"inLanguage\":\"it-IT\"},{\"@type\":\"Organization\",\"@id\":\"https:\/\/alpelivigno.it\/#organization\",\"name\":\"Alpe Livigno\",\"url\":\"https:\/\/alpelivigno.it\/\",\"logo\":{\"@type\":\"ImageObject\",\"inLanguage\":\"it-IT\",\"@id\":\"https:\/\/alpelivigno.it\/#\/schema\/logo\/image\/\",\"url\":\"https:\/\/alpelivigno.it\/wp-content\/uploads\/2024\/11\/logo-alpe-livigno.svg\",\"contentUrl\":\"https:\/\/alpelivigno.it\/wp-content\/uploads\/2024\/11\/logo-alpe-livigno.svg\",\"width\":337.3,\"height\":204.6,\"caption\":\"Alpe Livigno\"},\"image\":{\"@id\":\"https:\/\/alpelivigno.it\/#\/schema\/logo\/image\/\"}}]}<\/script>\n<!-- \/ Yoast SEO plugin. -->","yoast_head_json":{"title":"Privacy policy | Alpe Livigno","description":"Leggi la privacy policy e la cookie declaration di Alpe Livigno, l\u2019azienda agricola livignasca che produce la bresaola 4IT e altre eccellenze tipiche.","robots":{"index":"index","follow":"follow","max-snippet":"max-snippet:-1","max-image-preview":"max-image-preview:large","max-video-preview":"max-video-preview:-1"},"canonical":"https:\/\/alpelivigno.it\/it\/privacy-policy\/","og_locale":"it_IT","og_type":"article","og_title":"Privacy policy | Alpe Livigno","og_description":"Leggi la privacy policy e la cookie declaration di Alpe Livigno, l\u2019azienda agricola livignasca che produce la bresaola 4IT e altre eccellenze tipiche.","og_url":"https:\/\/alpelivigno.it\/it\/privacy-policy\/","og_site_name":"Alpe Livigno","article_modified_time":"2025-07-30T09:25:21+00:00","twitter_card":"summary_large_image","twitter_misc":{"Tempo di lettura stimato":"8 minuti"},"schema":{"@context":"https:\/\/schema.org","@graph":[{"@type":"WebPage","@id":"https:\/\/alpelivigno.it\/privacy-policy\/","url":"https:\/\/alpelivigno.it\/privacy-policy\/","name":"Privacy policy | Alpe Livigno","isPartOf":{"@id":"https:\/\/alpelivigno.it\/#website"},"datePublished":"2022-05-30T09:21:00+00:00","dateModified":"2025-07-30T09:25:21+00:00","description":"Leggi la privacy policy e la cookie declaration di Alpe Livigno, l\u2019azienda agricola livignasca che produce la bresaola 4IT e altre eccellenze tipiche.","breadcrumb":{"@id":"https:\/\/alpelivigno.it\/privacy-policy\/#breadcrumb"},"inLanguage":"it-IT","potentialAction":[{"@type":"ReadAction","target":["https:\/\/alpelivigno.it\/privacy-policy\/"]}]},{"@type":"BreadcrumbList","@id":"https:\/\/alpelivigno.it\/privacy-policy\/#breadcrumb","itemListElement":[{"@type":"ListItem","position":1,"name":"Home","item":"https:\/\/alpelivigno.it\/"},{"@type":"ListItem","position":2,"name":"Privacy Policy"}]},{"@type":"WebSite","@id":"https:\/\/alpelivigno.it\/#website","url":"https:\/\/alpelivigno.it\/","name":"Alpe Livigno","description":"Just another WordPress site","publisher":{"@id":"https:\/\/alpelivigno.it\/#organization"},"potentialAction":[{"@type":"SearchAction","target":{"@type":"EntryPoint","urlTemplate":"https:\/\/alpelivigno.it\/?s={search_term_string}"},"query-input":{"@type":"PropertyValueSpecification","valueRequired":true,"valueName":"search_term_string"}}],"inLanguage":"it-IT"},{"@type":"Organization","@id":"https:\/\/alpelivigno.it\/#organization","name":"Alpe Livigno","url":"https:\/\/alpelivigno.it\/","logo":{"@type":"ImageObject","inLanguage":"it-IT","@id":"https:\/\/alpelivigno.it\/#\/schema\/logo\/image\/","url":"https:\/\/alpelivigno.it\/wp-content\/uploads\/2024\/11\/logo-alpe-livigno.svg","contentUrl":"https:\/\/alpelivigno.it\/wp-content\/uploads\/2024\/11\/logo-alpe-livigno.svg","width":337.3,"height":204.6,"caption":"Alpe Livigno"},"image":{"@id":"https:\/\/alpelivigno.it\/#\/schema\/logo\/image\/"}}]}},"_links":{"self":[{"href":"https:\/\/alpelivigno.it\/it\/wp-json\/wp\/v2\/pages\/3","targetHints":{"allow":["GET"]}}],"collection":[{"href":"https:\/\/alpelivigno.it\/it\/wp-json\/wp\/v2\/pages"}],"about":[{"href":"https:\/\/alpelivigno.it\/it\/wp-json\/wp\/v2\/types\/page"}],"author":[{"embeddable":true,"href":"https:\/\/alpelivigno.it\/it\/wp-json\/wp\/v2\/users\/1"}],"replies":[{"embeddable":true,"href":"https:\/\/alpelivigno.it\/it\/wp-json\/wp\/v2\/comments?post=3"}],"version-history":[{"count":14,"href":"https:\/\/alpelivigno.it\/it\/wp-json\/wp\/v2\/pages\/3\/revisions"}],"predecessor-version":[{"id":1850,"href":"https:\/\/alpelivigno.it\/it\/wp-json\/wp\/v2\/pages\/3\/revisions\/1850"}],"wp:attachment":[{"href":"https:\/\/alpelivigno.it\/it\/wp-json\/wp\/v2\/media?parent=3"}],"curies":[{"name":"wp","href":"https:\/\/api.w.org\/{rel}","templated":true}]}}